{"id":24,"date":"2025-05-04T23:33:08","date_gmt":"2025-05-04T21:33:08","guid":{"rendered":"https:\/\/lebocalchantant.fr\/?page_id=24"},"modified":"2025-09-22T11:55:33","modified_gmt":"2025-09-22T09:55:33","slug":"les-produits","status":"publish","type":"page","link":"https:\/\/lebocalchantant.fr\/?page_id=24","title":{"rendered":"Les l\u00e9gumes"},"content":{"rendered":"\n<h3 class=\"wp-block-heading\"><em>L\u00e9gumes, herbes sauvages et fruits\u2026. Bio, Frais, Locaux, Nutritifs, et Vivants !<\/em><em><br><\/em><\/h3>\n\n\n\n<div class=\"wp-block-uagb-container uagb-block-ea7df649 alignfull uagb-is-root-container\"><div class=\"uagb-container-inner-blocks-wrap\">\n<div class=\"wp-block-uagb-container uagb-block-3bb5cd0e\">\n<p>Les bocaux chantants sont faits \u00e0 partir de <strong>l\u00e9gumes<\/strong>, de <strong>plantes sauvages<\/strong> et de <strong>fruits <\/strong>frais (transform\u00e9s le jour-m\u00eame de la r\u00e9colte ou le lendemain), de saison, et cultiv\u00e9s en agriculture biologique. La plupart des l\u00e9gumes sont cultiv\u00e9s localement en Vall\u00e9e des Gaves.<\/p>\n<\/div>\n\n\n\n<div class=\"wp-block-uagb-container uagb-block-5e01e5b6\"><\/div>\n\n\n\n<div class=\"wp-block-uagb-container uagb-block-61bc833b\"><\/div>\n\n\n\n<div class=\"wp-block-uagb-container uagb-block-1c5d5a44\">\n<p>Les <strong>\u00e9pices<\/strong> sont tous d&rsquo;origine biologique. Ils sont r\u00e9approvisionn\u00e9s r\u00e9guli\u00e8rement pour conserver leurs apports nutritifs.<\/p>\n<\/div>\n<\/div><\/div>\n\n\n\n<div class=\"wp-block-uagb-container uagb-block-7243be34 alignfull uagb-is-root-container\"><div class=\"uagb-container-inner-blocks-wrap\">\n<div class=\"wp-block-uagb-container uagb-block-89e31c14\">\n<p>Le <strong>sel<\/strong> est r\u00e9colt\u00e9 par un paludier certifi\u00e9 par Nature &amp; Progr\u00e8s dans le bassin de Batz-Gu\u00e9rande. Le paludier nous rappelle que le Bassin de Batz-sur-mer n&rsquo;est pas id\u00e9al pour une bonne production de sel, mais id\u00e9al pour une <strong>production de bon sel.<\/strong> Les faibles rendements permettent au sel de conserver tous les <strong>sels min\u00e9raux<\/strong> annexes de l&rsquo;eau de mer (magn\u00e9sium, calcium, potassium &#8230;) et de s&rsquo;enrichir des <strong>oligo-\u00e9l\u00e9ments<\/strong> fournis par l&rsquo;argile.<\/p>\n<\/div>\n\n\n\n<div class=\"wp-block-uagb-container uagb-block-8c8aaa9e\"><\/div>\n\n\n\n<div class=\"wp-block-uagb-container uagb-block-c9e64951\"><\/div>\n\n\n\n<div class=\"wp-block-uagb-container uagb-block-2c28196b\"><\/div>\n<\/div><\/div>\n\n\n\n<div class=\"wp-block-group alignfull\"><div class=\"wp-block-group__inner-container is-layout-constrained wp-block-group-is-layout-constrained\">\n<div class=\"wp-block-group alignwide\" style=\"padding-top:4rem;padding-bottom:4rem\"><div class=\"wp-block-group__inner-container is-layout-flow wp-block-group-is-layout-flow\"><nav class=\"is-responsive items-justified-center wp-block-navigation is-content-justification-center is-layout-flex wp-container-core-navigation-is-layout-b636cbb1 wp-block-navigation-is-layout-flex\" \n\t\t data-wp-interactive=\"core\/navigation\" data-wp-context='{\"overlayOpenedBy\":{\"click\":false,\"hover\":false,\"focus\":false},\"type\":\"overlay\",\"roleAttribute\":\"\",\"ariaLabel\":\"Menu\"}'><button aria-haspopup=\"dialog\" aria-label=\"Ouvrir le menu\" class=\"wp-block-navigation__responsive-container-open\" \n\t\t\t\tdata-wp-on--click=\"actions.openMenuOnClick\"\n\t\t\t\tdata-wp-on--keydown=\"actions.handleMenuKeydown\"\n\t\t\t><svg width=\"24\" height=\"24\" xmlns=\"http:\/\/www.w3.org\/2000\/svg\" viewBox=\"0 0 24 24\" aria-hidden=\"true\" focusable=\"false\"><path d=\"M4 7.5h16v1.5H4z\"><\/path><path d=\"M4 15h16v1.5H4z\"><\/path><\/svg><\/button>\n\t\t\t\t<div class=\"wp-block-navigation__responsive-container\"  id=\"modal-1\" \n\t\t\t\tdata-wp-class--has-modal-open=\"state.isMenuOpen\"\n\t\t\t\tdata-wp-class--is-menu-open=\"state.isMenuOpen\"\n\t\t\t\tdata-wp-watch=\"callbacks.initMenu\"\n\t\t\t\tdata-wp-on--keydown=\"actions.handleMenuKeydown\"\n\t\t\t\tdata-wp-on--focusout=\"actions.handleMenuFocusout\"\n\t\t\t\ttabindex=\"-1\"\n\t\t\t>\n\t\t\t\t\t<div class=\"wp-block-navigation__responsive-close\" tabindex=\"-1\">\n\t\t\t\t\t\t<div class=\"wp-block-navigation__responsive-dialog\" \n\t\t\t\tdata-wp-bind--aria-modal=\"state.ariaModal\"\n\t\t\t\tdata-wp-bind--aria-label=\"state.ariaLabel\"\n\t\t\t\tdata-wp-bind--role=\"state.roleAttribute\"\n\t\t\t>\n\t\t\t\t\t\t\t<button aria-label=\"Fermer le menu\" class=\"wp-block-navigation__responsive-container-close\" \n\t\t\t\tdata-wp-on--click=\"actions.closeMenuOnClick\"\n\t\t\t><svg xmlns=\"http:\/\/www.w3.org\/2000\/svg\" viewBox=\"0 0 24 24\" width=\"24\" height=\"24\" aria-hidden=\"true\" focusable=\"false\"><path d=\"m13.06 12 6.47-6.47-1.06-1.06L12 10.94 5.53 4.47 4.47 5.53 10.94 12l-6.47 6.47 1.06 1.06L12 13.06l6.47 6.47 1.06-1.06L13.06 12Z\"><\/path><\/svg><\/button>\n\t\t\t\t\t\t\t<div class=\"wp-block-navigation__responsive-container-content\" \n\t\t\t\tdata-wp-watch=\"callbacks.focusFirstElement\"\n\t\t\t id=\"modal-1-content\">\n\t\t\t\t\t\t\t\t<ul class=\"wp-block-navigation__container is-responsive items-justified-center wp-block-navigation\"><ul class=\"wp-block-page-list\"><li class=\"wp-block-pages-list__item wp-block-navigation-item open-on-hover-click menu-item-home\"><a class=\"wp-block-pages-list__item__link wp-block-navigation-item__content\" href=\"https:\/\/lebocalchantant.fr\/\">Les Fermentations de L\u00e9gumes<\/a><\/li><li class=\"wp-block-pages-list__item wp-block-navigation-item open-on-hover-click\"><a class=\"wp-block-pages-list__item__link wp-block-navigation-item__content\" href=\"https:\/\/lebocalchantant.fr\/?page_id=2\">La fermentiste<\/a><\/li><li class=\"wp-block-pages-list__item wp-block-navigation-item open-on-hover-click\"><a class=\"wp-block-pages-list__item__link wp-block-navigation-item__content\" href=\"https:\/\/lebocalchantant.fr\/?page_id=29\">La Lacto-fermentation<\/a><\/li><li class=\"wp-block-pages-list__item wp-block-navigation-item open-on-hover-click\"><a class=\"wp-block-pages-list__item__link wp-block-navigation-item__content\" href=\"https:\/\/lebocalchantant.fr\/?page_id=24\">Les l\u00e9gumes<\/a><\/li><li class=\"wp-block-pages-list__item wp-block-navigation-item open-on-hover-click\"><a class=\"wp-block-pages-list__item__link wp-block-navigation-item__content\" href=\"https:\/\/lebocalchantant.fr\/?page_id=149\">le K\u00e9fir<\/a><\/li><li class=\"wp-block-pages-list__item wp-block-navigation-item open-on-hover-click\"><a class=\"wp-block-pages-list__item__link wp-block-navigation-item__content\" href=\"https:\/\/lebocalchantant.fr\/?page_id=22\">Id\u00e9es gourmandes<\/a><\/li><li class=\"wp-block-pages-list__item wp-block-navigation-item open-on-hover-click\"><a class=\"wp-block-pages-list__item__link wp-block-navigation-item__content\" href=\"https:\/\/lebocalchantant.fr\/?page_id=23\">Contact<\/a><\/li><\/ul><\/ul>\n\t\t\t\t\t\t\t<\/div>\n\t\t\t\t\t\t<\/div>\n\t\t\t\t\t<\/div>\n\t\t\t\t<\/div><\/nav>\n\n\n<div style=\"height:50px\" aria-hidden=\"true\" class=\"wp-block-spacer\"><\/div>\n\n\n\n\n<div class=\"wp-block-epico-dynamic-year-block has-small-font-size\"><p class=\"dynamic-year-2026 has-text-align-center\"><span class=\"dynamic-year-before\">\u00a9 Le Bocal Chantant. 2024 &#8211;\u00a0<\/span>2026<\/p><\/div><\/div><\/div>\n<\/div><\/div>\n\n\n\n<p><\/p>\n","protected":false},"excerpt":{"rendered":"<p>L\u00e9gumes, herbes sauvages et fruits\u2026. Bio, Frais, Locaux, Nutritifs, et Vivants ! Les bocaux chantants sont faits \u00e0 partir de l\u00e9gumes, de plantes sauvages et de fruits frais (transform\u00e9s le jour-m\u00eame de la r\u00e9colte ou le lendemain), de saison, et cultiv\u00e9s en agriculture biologique. La plupart des l\u00e9gumes sont cultiv\u00e9s localement en Vall\u00e9e des Gaves. &hellip; <\/p>\n","protected":false},"author":1,"featured_media":0,"parent":0,"menu_order":3,"comment_status":"closed","ping_status":"closed","template":"","meta":{"_uag_custom_page_level_css":"","footnotes":""},"class_list":["post-24","page","type-page","status-publish","hentry"],"uagb_featured_image_src":{"full":false,"thumbnail":false,"medium":false,"medium_large":false,"large":false,"post-slider-thumb-size":false,"post-category-slider-size":false,"1536x1536":false,"2048x2048":false,"blossom-recipe-slider":false,"blossom-recipe-blog":false,"blossom-recipe-blog-one":false},"uagb_author_info":{"display_name":"Sylvie","author_link":"https:\/\/lebocalchantant.fr\/?author=1"},"uagb_comment_info":0,"uagb_excerpt":"L\u00e9gumes, herbes sauvages et fruits\u2026. Bio, Frais, Locaux, Nutritifs, et Vivants ! Les bocaux chantants sont faits \u00e0 partir de l\u00e9gumes, de plantes sauvages et de fruits frais (transform\u00e9s le jour-m\u00eame de la r\u00e9colte ou le lendemain), de saison, et cultiv\u00e9s en agriculture biologique. La plupart des l\u00e9gumes sont cultiv\u00e9s localement en Vall\u00e9e des Gaves.\u2026","_links":{"self":[{"href":"https:\/\/lebocalchantant.fr\/index.php?rest_route=\/wp\/v2\/pages\/24","targetHints":{"allow":["GET"]}}],"collection":[{"href":"https:\/\/lebocalchantant.fr\/index.php?rest_route=\/wp\/v2\/pages"}],"about":[{"href":"https:\/\/lebocalchantant.fr\/index.php?rest_route=\/wp\/v2\/types\/page"}],"author":[{"embeddable":true,"href":"https:\/\/lebocalchantant.fr\/index.php?rest_route=\/wp\/v2\/users\/1"}],"replies":[{"embeddable":true,"href":"https:\/\/lebocalchantant.fr\/index.php?rest_route=%2Fwp%2Fv2%2Fcomments&post=24"}],"version-history":[{"count":23,"href":"https:\/\/lebocalchantant.fr\/index.php?rest_route=\/wp\/v2\/pages\/24\/revisions"}],"predecessor-version":[{"id":343,"href":"https:\/\/lebocalchantant.fr\/index.php?rest_route=\/wp\/v2\/pages\/24\/revisions\/343"}],"wp:attachment":[{"href":"https:\/\/lebocalchantant.fr\/index.php?rest_route=%2Fwp%2Fv2%2Fmedia&parent=24"}],"curies":[{"name":"wp","href":"https:\/\/api.w.org\/{rel}","templated":true}]}}