{"id":22,"date":"2025-05-04T23:36:54","date_gmt":"2025-05-04T21:36:54","guid":{"rendered":"https:\/\/lebocalchantant.fr\/?page_id=22"},"modified":"2025-09-28T12:36:24","modified_gmt":"2025-09-28T10:36:24","slug":"recettes","status":"publish","type":"page","link":"https:\/\/lebocalchantant.fr\/?page_id=22","title":{"rendered":"Id\u00e9es gourmandes"},"content":{"rendered":"\n<h3 class=\"wp-block-heading\">Comment manger les l\u00e9gumes lacto-ferment\u00e9s ?<\/h3>\n\n\n\n<p><\/p>\n\n\n\n<div class=\"wp-block-uagb-container uagb-block-c92403da alignfull uagb-is-root-container\"><div class=\"uagb-container-inner-blocks-wrap\">\n<div class=\"wp-block-uagb-container uagb-block-039c105e\">\n<p>Carottes rap\u00e9es au coleslaw<\/p>\n<\/div>\n\n\n\n<div class=\"wp-block-uagb-container uagb-block-a0dda4d8\">\n<div class=\"wp-block-uagb-image uagb-block-f00dea9a wp-block-uagb-image--layout-default wp-block-uagb-image--effect-static wp-block-uagb-image--align-none\"><figure class=\"wp-block-uagb-image__figure\"><img decoding=\"async\" srcset=\"https:\/\/lebocalchantant.fr\/wp-content\/uploads\/2025\/09\/recette-coleslaw-1024x768.jpg ,https:\/\/lebocalchantant.fr\/wp-content\/uploads\/2025\/09\/recette-coleslaw-scaled.jpg 780w, https:\/\/lebocalchantant.fr\/wp-content\/uploads\/2025\/09\/recette-coleslaw-scaled.jpg 360w\" sizes=\"auto, (max-width: 480px) 150px\" src=\"https:\/\/lebocalchantant.fr\/wp-content\/uploads\/2025\/09\/recette-coleslaw-1024x768.jpg\" alt=\"coleslaw\" class=\"uag-image-166\" width=\"1024\" height=\"768\" title=\"recette-coleslaw\" loading=\"lazy\" role=\"img\"\/><\/figure><\/div>\n<\/div>\n\n\n\n<div class=\"wp-block-uagb-container uagb-block-427bba33\">\n<div class=\"wp-block-uagb-image uagb-block-2d016d2e wp-block-uagb-image--layout-default wp-block-uagb-image--effect-static wp-block-uagb-image--align-none\"><figure class=\"wp-block-uagb-image__figure\"><img decoding=\"async\" srcset=\"https:\/\/lebocalchantant.fr\/wp-content\/uploads\/2025\/09\/ruby-recipe-1024x768.jpg ,https:\/\/lebocalchantant.fr\/wp-content\/uploads\/2025\/09\/ruby-recipe.jpg 780w, https:\/\/lebocalchantant.fr\/wp-content\/uploads\/2025\/09\/ruby-recipe.jpg 360w\" sizes=\"auto, (max-width: 480px) 150px\" src=\"https:\/\/lebocalchantant.fr\/wp-content\/uploads\/2025\/09\/ruby-recipe-1024x768.jpg\" alt=\"\" class=\"uag-image-384\" width=\"1317\" height=\"988\" title=\"ruby-recipe\" loading=\"lazy\" role=\"img\"\/><\/figure><\/div>\n<\/div>\n\n\n\n<div class=\"wp-block-uagb-container uagb-block-3f22e9ce\">\n<p>Avocat au ruby de betteraves<\/p>\n<\/div>\n<\/div><\/div>\n\n\n\n<div class=\"wp-block-uagb-container uagb-block-e277fcdd alignfull uagb-is-root-container\"><div class=\"uagb-container-inner-blocks-wrap\">\n<div class=\"wp-block-uagb-container uagb-block-7ceae7c7\">\n<p>Salade estivale accommod\u00e9e de Salsa<\/p>\n<\/div>\n\n\n\n<div class=\"wp-block-uagb-container uagb-block-7c545e52\">\n<div class=\"wp-block-uagb-image uagb-block-4c801eb1 wp-block-uagb-image--layout-default wp-block-uagb-image--effect-static wp-block-uagb-image--align-none\"><figure class=\"wp-block-uagb-image__figure\"><img decoding=\"async\" srcset=\"https:\/\/lebocalchantant.fr\/wp-content\/uploads\/2025\/09\/salsa-recipe2.jpg ,https:\/\/lebocalchantant.fr\/wp-content\/uploads\/2025\/09\/salsa-recipe2.jpg 780w, https:\/\/lebocalchantant.fr\/wp-content\/uploads\/2025\/09\/salsa-recipe2.jpg 360w\" sizes=\"auto, (max-width: 480px) 150px\" src=\"https:\/\/lebocalchantant.fr\/wp-content\/uploads\/2025\/09\/salsa-recipe2.jpg\" alt=\"\" class=\"uag-image-382\" width=\"1317\" height=\"988\" title=\"salsa-recipe2\" loading=\"lazy\" role=\"img\"\/><\/figure><\/div>\n<\/div>\n\n\n\n<div class=\"wp-block-uagb-container uagb-block-ba7bb0ca\">\n<div class=\"wp-block-uagb-image uagb-block-5bec189f wp-block-uagb-image--layout-default wp-block-uagb-image--effect-static wp-block-uagb-image--align-none\"><figure class=\"wp-block-uagb-image__figure\"><img decoding=\"async\" srcset=\"https:\/\/lebocalchantant.fr\/wp-content\/uploads\/2025\/09\/fenouil-recipe-1024x768.jpg ,https:\/\/lebocalchantant.fr\/wp-content\/uploads\/2025\/09\/fenouil-recipe.jpg 780w, https:\/\/lebocalchantant.fr\/wp-content\/uploads\/2025\/09\/fenouil-recipe.jpg 360w\" sizes=\"auto, (max-width: 480px) 150px\" src=\"https:\/\/lebocalchantant.fr\/wp-content\/uploads\/2025\/09\/fenouil-recipe-1024x768.jpg\" alt=\"\" class=\"uag-image-383\" width=\"1317\" height=\"988\" title=\"fenouil-recipe\" loading=\"lazy\" role=\"img\"\/><\/figure><\/div>\n<\/div>\n\n\n\n<div class=\"wp-block-uagb-container uagb-block-b415f67c\">\n<p>filet de cabillaud au fenouil \u00e0 l&rsquo;orange<\/p>\n<\/div>\n<\/div><\/div>\n","protected":false},"excerpt":{"rendered":"<p>Comment manger les l\u00e9gumes lacto-ferment\u00e9s ? Carottes rap\u00e9es au coleslaw Avocat au ruby de betteraves Salade estivale accommod\u00e9e de Salsa filet de cabillaud au fenouil \u00e0 l&rsquo;orange<\/p>\n","protected":false},"author":1,"featured_media":0,"parent":0,"menu_order":5,"comment_status":"closed","ping_status":"closed","template":"","meta":{"_uag_custom_page_level_css":"","footnotes":""},"class_list":["post-22","page","type-page","status-publish","hentry"],"uagb_featured_image_src":{"full":false,"thumbnail":false,"medium":false,"medium_large":false,"large":false,"post-slider-thumb-size":false,"post-category-slider-size":false,"1536x1536":false,"2048x2048":false,"blossom-recipe-slider":false,"blossom-recipe-blog":false,"blossom-recipe-blog-one":false},"uagb_author_info":{"display_name":"Sylvie","author_link":"https:\/\/lebocalchantant.fr\/?author=1"},"uagb_comment_info":0,"uagb_excerpt":"Comment manger les l\u00e9gumes lacto-ferment\u00e9s ? Carottes rap\u00e9es au coleslaw Avocat au ruby de betteraves Salade estivale accommod\u00e9e de Salsa filet de cabillaud au fenouil \u00e0 l&rsquo;orange","_links":{"self":[{"href":"https:\/\/lebocalchantant.fr\/index.php?rest_route=\/wp\/v2\/pages\/22","targetHints":{"allow":["GET"]}}],"collection":[{"href":"https:\/\/lebocalchantant.fr\/index.php?rest_route=\/wp\/v2\/pages"}],"about":[{"href":"https:\/\/lebocalchantant.fr\/index.php?rest_route=\/wp\/v2\/types\/page"}],"author":[{"embeddable":true,"href":"https:\/\/lebocalchantant.fr\/index.php?rest_route=\/wp\/v2\/users\/1"}],"replies":[{"embeddable":true,"href":"https:\/\/lebocalchantant.fr\/index.php?rest_route=%2Fwp%2Fv2%2Fcomments&post=22"}],"version-history":[{"count":8,"href":"https:\/\/lebocalchantant.fr\/index.php?rest_route=\/wp\/v2\/pages\/22\/revisions"}],"predecessor-version":[{"id":389,"href":"https:\/\/lebocalchantant.fr\/index.php?rest_route=\/wp\/v2\/pages\/22\/revisions\/389"}],"wp:attachment":[{"href":"https:\/\/lebocalchantant.fr\/index.php?rest_route=%2Fwp%2Fv2%2Fmedia&parent=22"}],"curies":[{"name":"wp","href":"https:\/\/api.w.org\/{rel}","templated":true}]}}