{"id":2,"date":"2025-02-03T00:01:44","date_gmt":"2025-02-02T23:01:44","guid":{"rendered":"http:\/\/lebocalchantant.fr\/?page_id=2"},"modified":"2025-09-22T11:45:07","modified_gmt":"2025-09-22T09:45:07","slug":"page-d-exemple","status":"publish","type":"page","link":"https:\/\/lebocalchantant.fr\/?page_id=2","title":{"rendered":"La fermentiste"},"content":{"rendered":"\n<div class=\"wp-block-uagb-container uagb-block-1e4492c0 alignfull uagb-is-root-container\"><div class=\"uagb-container-inner-blocks-wrap\">\n<div class=\"wp-block-uagb-container uagb-block-cc3db122\">\n<p>Moi, c&rsquo;est Sylvie. Depuis toute petite, j&rsquo;adore le <strong>Vivant<\/strong>, les petites b\u00eates, les arbres, les fleurs, les for\u00eats. Alors naturellement, je suis partie vivre au milieu des grandes for\u00eats de l&rsquo;ouest canadien pendant 20 ans.Terre d\u2019accueil, le sud de la c\u00f4te ouest canadienne est tr\u00e8s cosmopolite. Tous les continents y sont repr\u00e9sent\u00e9s. La chose la plus myst\u00e9rieuse (de mon point de vue), c\u2019est que chaque continent a apport\u00e9 son\/ses aliment(s) lacto-ferment\u00e9(s). C\u2019est donc avec curiosit\u00e9 que je d\u00e9couvre le kimchi, le coleslaw, la betterave ferment\u00e9e, le miso, et bien d\u2019autres pr\u00e9parations lacto-ferment\u00e9es. D\u2019ateliers en ateliers, je m\u2019initie \u00e0 l\u2019art de la lacto-fermentation avec autant d\u2019approches que de fermentistes.\u00a0<\/p>\n<\/div>\n\n\n\n<div class=\"wp-block-uagb-container uagb-block-616ed921\"><\/div>\n\n\n\n<div class=\"wp-block-uagb-container uagb-block-ae12a24a\"><\/div>\n\n\n\n<div class=\"wp-block-uagb-container uagb-block-e83dc681\">\n<p>Cultivant des l\u00e9gumes pour nourrir ma famille, j\u2019exp\u00e9rimente naturellement la mise en bocal de mes l\u00e9gumes au moment o\u00f9 les r\u00e9coltes sont les plus abondantes, \u00e0 l&rsquo;automne. Plus tard, j&rsquo;apprends que c&rsquo;est aussi la p\u00e9riode o\u00f9 les l\u00e9gumes sont les meilleurs \u00e0 fermenter.<\/p>\n<\/div>\n<\/div><\/div>\n\n\n\n<p><\/p>\n\n\n\n<div class=\"wp-block-uagb-container uagb-block-df55a7cc alignfull uagb-is-root-container\"><div class=\"uagb-container-inner-blocks-wrap\">\n<div class=\"wp-block-uagb-container uagb-block-51f4d794\">\n<p>En parall\u00e8le, j&rsquo;ai \u00e9tudi\u00e9 la<strong> nutrition holistique<\/strong> au CSNN (Canadian School of Natural Nutrition) de Vancouver. Ce qui m&rsquo;a permis de d\u00e9couvrir notamment le fonctionnement du syst\u00e8me digestif, les m\u00e9decines ancestrales (am\u00e9rindienne, chinoise, ayurv\u00e9dique, &#8230;), le r\u00f4le des herbes et des \u00e9pices, la richesse des plantes sauvages (et leurs anti-nutriments). Autant d&rsquo;influences qui m&rsquo;ont inspir\u00e9es dans la conception de mes recettes lacto-ferment\u00e9es.<\/p>\n<\/div>\n\n\n\n<div class=\"wp-block-uagb-container uagb-block-d07c3099\"><\/div>\n\n\n\n<div class=\"wp-block-uagb-container uagb-block-f0a451ac\"><\/div>\n\n\n\n<div class=\"wp-block-uagb-container uagb-block-38c3472f\">\n<p>Ma passion pour la magie qui s&rsquo;op\u00e8re dans les bocaux m&rsquo;a pouss\u00e9 \u00e0 \u00e9tudier davantage les principes de la lacto-fermentation aupr\u00e8s de Marie-Claire Fr\u00e9d\u00e9ric et de Sylvie Allegrini.<\/p>\n<\/div>\n<\/div><\/div>\n\n\n\n<p><\/p>\n\n\n\n<div class=\"wp-block-uagb-container uagb-block-01dde635 alignfull uagb-is-root-container\"><div class=\"uagb-container-inner-blocks-wrap\">\n<div class=\"wp-block-uagb-container uagb-block-3547e9ec\">\n<p>Aujourd&rsquo;hui, de retour en France, j&rsquo;ai tr\u00e8s envie de partager le r\u00e9sultat de 18 ans d&rsquo;exp\u00e9riences avec vous ! Vivant au coeur des Hautes-Pyr\u00e9n\u00e9es, j&rsquo;ai acc\u00e8s \u00e0 des l\u00e9gumes tr\u00e8s nutritifs, tr\u00e8s frais, et cultiv\u00e9s avec un grand respect de la Terre. Une chance que je souhaite partager avec Vous!<\/p>\n<\/div>\n\n\n\n<div class=\"wp-block-uagb-container uagb-block-d6b6614d\"><\/div>\n\n\n\n<div class=\"wp-block-uagb-container uagb-block-bd8da4ee\"><\/div>\n\n\n\n<div class=\"wp-block-uagb-container uagb-block-a6a1e6c2\">\n<p>Retrouvez-moi tous les mardis matin sur le march\u00e9 d&rsquo;Argel\u00e8s-Gazost toute l\u2019ann\u00e9e et \u00e0 Arrens-Marsous les mercredis en juillet-ao\u00fbt (16h-20h) !<\/p>\n<\/div>\n<\/div><\/div>\n\n\n\n<p><\/p>\n","protected":false},"excerpt":{"rendered":"<p>Moi, c&rsquo;est Sylvie. Depuis toute petite, j&rsquo;adore le Vivant, les petites b\u00eates, les arbres, les fleurs, les for\u00eats. Alors naturellement, je suis partie vivre au milieu des grandes for\u00eats de l&rsquo;ouest canadien pendant 20 ans.Terre d\u2019accueil, le sud de la c\u00f4te ouest canadienne est tr\u00e8s cosmopolite. Tous les continents y sont repr\u00e9sent\u00e9s. La chose la &hellip; <\/p>\n","protected":false},"author":1,"featured_media":0,"parent":0,"menu_order":1,"comment_status":"closed","ping_status":"open","template":"","meta":{"_uag_custom_page_level_css":"","footnotes":""},"class_list":["post-2","page","type-page","status-publish","hentry"],"uagb_featured_image_src":{"full":false,"thumbnail":false,"medium":false,"medium_large":false,"large":false,"post-slider-thumb-size":false,"post-category-slider-size":false,"1536x1536":false,"2048x2048":false,"blossom-recipe-slider":false,"blossom-recipe-blog":false,"blossom-recipe-blog-one":false},"uagb_author_info":{"display_name":"Sylvie","author_link":"https:\/\/lebocalchantant.fr\/?author=1"},"uagb_comment_info":0,"uagb_excerpt":"Moi, c&rsquo;est Sylvie. Depuis toute petite, j&rsquo;adore le Vivant, les petites b\u00eates, les arbres, les fleurs, les for\u00eats. Alors naturellement, je suis partie vivre au milieu des grandes for\u00eats de l&rsquo;ouest canadien pendant 20 ans.Terre d\u2019accueil, le sud de la c\u00f4te ouest canadienne est tr\u00e8s cosmopolite. Tous les continents y sont repr\u00e9sent\u00e9s. La chose la\u2026","_links":{"self":[{"href":"https:\/\/lebocalchantant.fr\/index.php?rest_route=\/wp\/v2\/pages\/2","targetHints":{"allow":["GET"]}}],"collection":[{"href":"https:\/\/lebocalchantant.fr\/index.php?rest_route=\/wp\/v2\/pages"}],"about":[{"href":"https:\/\/lebocalchantant.fr\/index.php?rest_route=\/wp\/v2\/types\/page"}],"author":[{"embeddable":true,"href":"https:\/\/lebocalchantant.fr\/index.php?rest_route=\/wp\/v2\/users\/1"}],"replies":[{"embeddable":true,"href":"https:\/\/lebocalchantant.fr\/index.php?rest_route=%2Fwp%2Fv2%2Fcomments&post=2"}],"version-history":[{"count":16,"href":"https:\/\/lebocalchantant.fr\/index.php?rest_route=\/wp\/v2\/pages\/2\/revisions"}],"predecessor-version":[{"id":328,"href":"https:\/\/lebocalchantant.fr\/index.php?rest_route=\/wp\/v2\/pages\/2\/revisions\/328"}],"wp:attachment":[{"href":"https:\/\/lebocalchantant.fr\/index.php?rest_route=%2Fwp%2Fv2%2Fmedia&parent=2"}],"curies":[{"name":"wp","href":"https:\/\/api.w.org\/{rel}","templated":true}]}}