{"id":149,"date":"2025-09-20T15:39:02","date_gmt":"2025-09-20T13:39:02","guid":{"rendered":"https:\/\/lebocalchantant.fr\/?page_id=149"},"modified":"2025-09-22T12:02:37","modified_gmt":"2025-09-22T10:02:37","slug":"le-kefir","status":"publish","type":"page","link":"https:\/\/lebocalchantant.fr\/?page_id=149","title":{"rendered":"le K\u00e9fir"},"content":{"rendered":"\n<h2 class=\"wp-block-heading\"><\/h2>\n\n\n\n<p><em>.\u00a0<\/em><\/p>\n\n\n\n<div class=\"wp-block-uagb-container uagb-block-f276d435 alignfull uagb-is-root-container\"><div class=\"uagb-container-inner-blocks-wrap\">\n<div class=\"wp-block-uagb-container uagb-block-d3503376\">\n<h2 class=\"wp-block-heading\">Des Fruits P\u00e9tillants<\/h2>\n\n\n\n<p>Le Bocal Chantant pr\u00e9pare hebdomadairement du k\u00e9fir de fruits <strong>artisanal<\/strong>. \u00c9tant fra\u00eechement pr\u00e9par\u00e9 chaque semaine, il n\u2019a donc pas besoin d\u2019\u00eatre pasteuris\u00e9, et conserve ainsi tous les avantages d\u2019une boisson lacto-ferment\u00e9e.&nbsp;<\/p>\n\n\n\n<p>Riche en <strong>probiotiques <\/strong>et en <strong>vitamines<\/strong>, le k\u00e9fir de fruits contribue \u00e0 la sant\u00e9 de notre <strong>microbiote<\/strong>.&nbsp;<\/p>\n\n\n\n<p>Issue de la fermentation de grains de k\u00e9fir, cette boisson <strong>naturellement p\u00e9tillante<\/strong> est peu sucr\u00e9e et contient moins de 1% d\u2019alcool. Les femmes enceintes et les enfants peuvent donc en boire.&nbsp;<\/p>\n\n\n\n<p>La boisson \u00e9tant riche en une multitude de micro-organismes, il est recommand\u00e9 de ne pas en consommer plus d\u2019un verre par jour.&nbsp;<\/p>\n\n\n\n<p>Une seconde fermentation est effectu\u00e9e pour extraire le pouvoir des plantes et fruits de saison. Les parfums varient ainsi selon les <strong>saisons<\/strong>.&nbsp;<\/p>\n<\/div>\n\n\n\n<div class=\"wp-block-uagb-container uagb-block-165bb839\">\n<div class=\"wp-block-uagb-image uagb-block-bb08fc10 wp-block-uagb-image--layout-default wp-block-uagb-image--effect-static wp-block-uagb-image--align-none\"><figure class=\"wp-block-uagb-image__figure\"><img decoding=\"async\" srcset=\"https:\/\/lebocalchantant.fr\/wp-content\/uploads\/2025\/09\/image-1-1024x768.png ,https:\/\/lebocalchantant.fr\/wp-content\/uploads\/2025\/09\/image-1-scaled.png 780w, https:\/\/lebocalchantant.fr\/wp-content\/uploads\/2025\/09\/image-1-scaled.png 360w\" sizes=\"auto, (max-width: 480px) 150px\" src=\"https:\/\/lebocalchantant.fr\/wp-content\/uploads\/2025\/09\/image-1-1024x768.png\" alt=\"K\u00e9fir\" class=\"uag-image-174\" width=\"1024\" height=\"768\" title=\"image\" loading=\"lazy\" role=\"img\"\/><\/figure><\/div>\n<\/div>\n\n\n\n<div class=\"wp-block-uagb-container uagb-block-d1c58cc6\"><\/div>\n\n\n\n<div class=\"wp-block-uagb-container uagb-block-c17bee2f\">\n<h3 class=\"wp-block-heading\">Nos k\u00e9firs au printemps<\/h3>\n\n\n\n<p><em>k\u00e9firs au sureau, aux orties, \u00e0 la fraise.\u00a0<\/em><\/p>\n\n\n\n<p><\/p>\n<\/div>\n<\/div><\/div>\n\n\n\n<p><\/p>\n\n\n\n<div class=\"wp-block-uagb-container uagb-block-7dfe279e alignfull uagb-is-root-container\"><div class=\"uagb-container-inner-blocks-wrap\">\n<div class=\"wp-block-uagb-container uagb-block-caf6bac6\">\n<h3 class=\"wp-block-heading\">Nos k\u00e9firs en \u00e9t\u00e9 <\/h3>\n\n\n\n<p>k\u00e9firs \u00e0 la menthe, \u00e0 la myrtille, au cassis, \u00e0 la framboise, \u00e0 la prune.<\/p>\n\n\n\n<p><\/p>\n<\/div>\n\n\n\n<div class=\"wp-block-uagb-container uagb-block-f483326c\"><\/div>\n\n\n\n<div class=\"wp-block-uagb-container uagb-block-34dbfa9e\"><\/div>\n\n\n\n<div class=\"wp-block-uagb-container uagb-block-d2aabf3b\">\n<h3 class=\"wp-block-heading\">Nos k\u00e9firs en automne<\/h3>\n\n\n\n<p>k\u00e9firs \u00e0 la poire et \u00e0 la badiane, au coing.<\/p>\n\n\n\n<p><\/p>\n<\/div>\n<\/div><\/div>\n\n\n\n<p><\/p>\n\n\n\n<div class=\"wp-block-uagb-container uagb-block-88ac630c alignfull uagb-is-root-container\"><div class=\"uagb-container-inner-blocks-wrap\">\n<div class=\"wp-block-uagb-container uagb-block-dcf60b84\">\n<h3 class=\"wp-block-heading\"><em>Nos k\u00e9firs en hiver <\/em><\/h3>\n\n\n\n<p>k\u00e9firs aux \u00e9pices chai, au gingembre, au curcuma<\/p>\n<\/div>\n\n\n\n<div class=\"wp-block-uagb-container uagb-block-098a15db\"><\/div>\n\n\n\n<div class=\"wp-block-uagb-container uagb-block-1c48cd7c\"><\/div>\n\n\n\n<div class=\"wp-block-uagb-container uagb-block-09e245be\"><\/div>\n<\/div><\/div>\n\n\n\n<h3 class=\"wp-block-heading\">Venez d\u00e9couvrir nos k\u00e9firs de fruits tous les mardis sur le march\u00e9 de Argel\u00e8s-Gazost.<\/h3>\n","protected":false},"excerpt":{"rendered":"<p>.\u00a0 Des Fruits P\u00e9tillants Le Bocal Chantant pr\u00e9pare hebdomadairement du k\u00e9fir de fruits artisanal. \u00c9tant fra\u00eechement pr\u00e9par\u00e9 chaque semaine, il n\u2019a donc pas besoin d\u2019\u00eatre pasteuris\u00e9, et conserve ainsi tous les avantages d\u2019une boisson lacto-ferment\u00e9e.&nbsp; Riche en probiotiques et en vitamines, le k\u00e9fir de fruits contribue \u00e0 la sant\u00e9 de notre microbiote.&nbsp; Issue de la &hellip; <\/p>\n","protected":false},"author":1,"featured_media":0,"parent":0,"menu_order":4,"comment_status":"closed","ping_status":"closed","template":"","meta":{"_uag_custom_page_level_css":"","footnotes":""},"class_list":["post-149","page","type-page","status-publish","hentry"],"uagb_featured_image_src":{"full":false,"thumbnail":false,"medium":false,"medium_large":false,"large":false,"post-slider-thumb-size":false,"post-category-slider-size":false,"1536x1536":false,"2048x2048":false,"blossom-recipe-slider":false,"blossom-recipe-blog":false,"blossom-recipe-blog-one":false},"uagb_author_info":{"display_name":"Sylvie","author_link":"https:\/\/lebocalchantant.fr\/?author=1"},"uagb_comment_info":0,"uagb_excerpt":".\u00a0 Des Fruits P\u00e9tillants Le Bocal Chantant pr\u00e9pare hebdomadairement du k\u00e9fir de fruits artisanal. \u00c9tant fra\u00eechement pr\u00e9par\u00e9 chaque semaine, il n\u2019a donc pas besoin d\u2019\u00eatre pasteuris\u00e9, et conserve ainsi tous les avantages d\u2019une boisson lacto-ferment\u00e9e.&nbsp; Riche en probiotiques et en vitamines, le k\u00e9fir de fruits contribue \u00e0 la sant\u00e9 de notre microbiote.&nbsp; Issue de la\u2026","_links":{"self":[{"href":"https:\/\/lebocalchantant.fr\/index.php?rest_route=\/wp\/v2\/pages\/149","targetHints":{"allow":["GET"]}}],"collection":[{"href":"https:\/\/lebocalchantant.fr\/index.php?rest_route=\/wp\/v2\/pages"}],"about":[{"href":"https:\/\/lebocalchantant.fr\/index.php?rest_route=\/wp\/v2\/types\/page"}],"author":[{"embeddable":true,"href":"https:\/\/lebocalchantant.fr\/index.php?rest_route=\/wp\/v2\/users\/1"}],"replies":[{"embeddable":true,"href":"https:\/\/lebocalchantant.fr\/index.php?rest_route=%2Fwp%2Fv2%2Fcomments&post=149"}],"version-history":[{"count":7,"href":"https:\/\/lebocalchantant.fr\/index.php?rest_route=\/wp\/v2\/pages\/149\/revisions"}],"predecessor-version":[{"id":349,"href":"https:\/\/lebocalchantant.fr\/index.php?rest_route=\/wp\/v2\/pages\/149\/revisions\/349"}],"wp:attachment":[{"href":"https:\/\/lebocalchantant.fr\/index.php?rest_route=%2Fwp%2Fv2%2Fmedia&parent=149"}],"curies":[{"name":"wp","href":"https:\/\/api.w.org\/{rel}","templated":true}]}}